{"id":1166,"date":"2025-04-23T15:55:26","date_gmt":"2025-04-23T12:55:26","guid":{"rendered":"https:\/\/torsafe.com.tr\/en\/?page_id=1166"},"modified":"2026-02-02T10:41:11","modified_gmt":"2026-02-02T07:41:11","slug":"torsafe-type-60-120-60-minutes-fire-resistant-safety-cabinet-with-2-hybrid-doors-yellow","status":"publish","type":"page","link":"https:\/\/torsafe.com.tr\/en\/chemical-storage-cabinets\/en14470-1\/torsafe-type-60-120-60-minutes-fire-resistant-safety-cabinet-with-2-hybrid-doors-yellow\/","title":{"rendered":"Torsafe Type 60\/1200 &#8211; 60 Minutes Fire Resistant Safety Cabinet with 2 Hybrid Doors &#8211; Yellow"},"content":{"rendered":"\t\t<div data-elementor-type=\"wp-page\" data-elementor-id=\"1166\" class=\"elementor elementor-1166\">\n\t\t\t\t<div data-ekitparallax=\"{&quot;ekit_section_parallax_bg&quot;:&quot;yes&quot;,&quot;ekit_section_parallax_bg_speed&quot;:0.5,&quot;elementor_lazy_load&quot;:&quot;1&quot;}\" class=\"elementor-element elementor-element-e054130 e-flex e-con-boxed e-con e-parent\" data-id=\"e054130\" data-element_type=\"container\" data-e-type=\"container\" data-settings=\"{&quot;background_background&quot;:&quot;classic&quot;,&quot;jet_parallax_layout_list&quot;:[]}\">\n\t\t\t\t\t<div class=\"e-con-inner\">\n\t\t<div class=\"elementor-element elementor-element-e1f9718 e-con-full e-flex e-con e-child\" data-id=\"e1f9718\" data-element_type=\"container\" data-e-type=\"container\" data-settings=\"{&quot;jet_parallax_layout_list&quot;:[],&quot;background_background&quot;:&quot;classic&quot;}\">\n\t\t\t\t<div class=\"elementor-element elementor-element-b3a5516 elementor-widget elementor-widget-image\" data-id=\"b3a5516\" data-element_type=\"widget\" data-e-type=\"widget\" data-settings=\"{&quot;ekit_we_effect_on&quot;:&quot;none&quot;}\" data-widget_type=\"image.default\">\n\t\t\t\t<div class=\"elementor-widget-container\">\n\t\t\t\t\t\t\t\t\t\t\t\t\t\t\t<img alt=\"\" fetchpriority=\"high\" decoding=\"async\" width=\"696\" height=\"1200\" src=\"https:\/\/torsafe.com.tr\/en\/wp-content\/uploads\/sites\/2\/torsafe-en-14470-1-onayli-60-dakika-yangina-dayanikli-guvenlik-dolabi-2-696x1200.jpg\" class=\"attachment-large size-large wp-image-1094\" alt=\"\" srcset=\"https:\/\/torsafe.com.tr\/en\/wp-content\/uploads\/sites\/2\/torsafe-en-14470-1-onayli-60-dakika-yangina-dayanikli-guvenlik-dolabi-2-696x1200.jpg 696w, https:\/\/torsafe.com.tr\/en\/wp-content\/uploads\/sites\/2\/torsafe-en-14470-1-onayli-60-dakika-yangina-dayanikli-guvenlik-dolabi-2-464x800.jpg 464w, https:\/\/torsafe.com.tr\/en\/wp-content\/uploads\/sites\/2\/torsafe-en-14470-1-onayli-60-dakika-yangina-dayanikli-guvenlik-dolabi-2-232x400.jpg 232w, https:\/\/torsafe.com.tr\/en\/wp-content\/uploads\/sites\/2\/torsafe-en-14470-1-onayli-60-dakika-yangina-dayanikli-guvenlik-dolabi-2.jpg 870w\" sizes=\"(max-width: 696px) 100vw, 696px\" \/>\t\t\t\t\t\t\t\t\t\t\t\t\t\t\t<\/div>\n\t\t\t\t<\/div>\n\t\t\t\t<\/div>\n\t\t<div class=\"elementor-element elementor-element-8c9d01b e-con-full e-flex e-con e-child\" data-id=\"8c9d01b\" data-element_type=\"container\" data-e-type=\"container\" data-settings=\"{&quot;jet_parallax_layout_list&quot;:[],&quot;background_background&quot;:&quot;classic&quot;}\">\n\t\t\t\t<div class=\"elementor-element elementor-element-eac3cda elementor-widget elementor-widget-heading\" data-id=\"eac3cda\" data-element_type=\"widget\" data-e-type=\"widget\" data-settings=\"{&quot;ekit_we_effect_on&quot;:&quot;none&quot;}\" data-widget_type=\"heading.default\">\n\t\t\t\t<div class=\"elementor-widget-container\">\n\t\t\t\t\t<h1 class=\"elementor-heading-title elementor-size-default\">Torsafe Type 60\/1200<\/h1>\t\t\t\t<\/div>\n\t\t\t\t<\/div>\n\t\t\t\t<div class=\"elementor-element elementor-element-06c60cc elementor-widget__width-initial elementor-widget elementor-widget-heading\" data-id=\"06c60cc\" data-element_type=\"widget\" data-e-type=\"widget\" data-settings=\"{&quot;ekit_we_effect_on&quot;:&quot;none&quot;}\" data-widget_type=\"heading.default\">\n\t\t\t\t<div class=\"elementor-widget-container\">\n\t\t\t\t\t<p class=\"elementor-heading-title elementor-size-default\">60 Minutes Fire Resistant Safety Cabinet with 2 Hybrid Doors \u2013 Yellow<\/p>\t\t\t\t<\/div>\n\t\t\t\t<\/div>\n\t\t\t\t<div class=\"elementor-element elementor-element-a17b252 elementor-widget elementor-widget-text-editor\" data-id=\"a17b252\" data-element_type=\"widget\" data-e-type=\"widget\" data-settings=\"{&quot;ekit_we_effect_on&quot;:&quot;none&quot;}\" data-widget_type=\"text-editor.default\">\n\t\t\t\t<div class=\"elementor-widget-container\">\n\t\t\t\t\t\t\t\t\t<ul class=\"allcaps\"><li>The doors automatically close when the temperature reaches 50\u00b0C.<\/li><li>The contents of the 23-liter storage container are used for perforated shelving.<\/li><li>Palette and forklift transport are available.<\/li><li>Ventilation inlet\/outlet temperatures end at 70\u00b0C \u00b1 10\u00b0C.<\/li><li>The cabinet exterior is coated with scratch-resistant powder paint.<\/li><\/ul>\t\t\t\t\t\t\t\t<\/div>\n\t\t\t\t<\/div>\n\t\t\t\t<div class=\"elementor-element elementor-element-df4ae9f elementor-widget elementor-widget-button\" data-id=\"df4ae9f\" data-element_type=\"widget\" data-e-type=\"widget\" data-settings=\"{&quot;ekit_we_effect_on&quot;:&quot;none&quot;}\" data-widget_type=\"button.default\">\n\t\t\t\t<div class=\"elementor-widget-container\">\n\t\t\t\t\t\t\t\t\t<div class=\"elementor-button-wrapper\">\n\t\t\t\t\t<a class=\"elementor-button elementor-button-link elementor-size-sm\" href=\"#iletisim\">\n\t\t\t\t\t\t<span class=\"elementor-button-content-wrapper\">\n\t\t\t\t\t\t\t\t\t<span class=\"elementor-button-text\">Bize ula\u015f\u0131n<\/span>\n\t\t\t\t\t<\/span>\n\t\t\t\t\t<\/a>\n\t\t\t\t<\/div>\n\t\t\t\t\t\t\t\t<\/div>\n\t\t\t\t<\/div>\n\t\t\t\t<\/div>\n\t\t\t\t\t<\/div>\n\t\t\t\t<\/div>\n\t\t<div data-ekitparallax=\"{&quot;ekit_section_parallax_bg&quot;:&quot;yes&quot;,&quot;ekit_section_parallax_bg_speed&quot;:0.5,&quot;elementor_lazy_load&quot;:&quot;1&quot;}\" class=\"elementor-element elementor-element-d2595de e-flex e-con-boxed e-con e-parent\" data-id=\"d2595de\" data-element_type=\"container\" data-e-type=\"container\" data-settings=\"{&quot;background_background&quot;:&quot;classic&quot;,&quot;jet_parallax_layout_list&quot;:[]}\">\n\t\t\t\t\t<div class=\"e-con-inner\">\n\t\t<div class=\"elementor-element elementor-element-334e62a e-con-full e-flex e-con e-child\" data-id=\"334e62a\" data-element_type=\"container\" data-e-type=\"container\" data-settings=\"{&quot;jet_parallax_layout_list&quot;:[]}\">\n\t\t\t\t<div class=\"elementor-element elementor-element-005c83c elementor-widget elementor-widget-heading\" data-id=\"005c83c\" data-element_type=\"widget\" data-e-type=\"widget\" data-settings=\"{&quot;ekit_we_effect_on&quot;:&quot;none&quot;}\" data-widget_type=\"heading.default\">\n\t\t\t\t<div class=\"elementor-widget-container\">\n\t\t\t\t\t<h3 class=\"elementor-heading-title elementor-size-default\">\u00dcr\u00fcn a\u00e7\u0131klamas\u0131<\/h3>\t\t\t\t<\/div>\n\t\t\t\t<\/div>\n\t\t\t\t<div class=\"elementor-element elementor-element-872be42 elementor-widget elementor-widget-text-editor\" data-id=\"872be42\" data-element_type=\"widget\" data-e-type=\"widget\" data-settings=\"{&quot;ekit_we_effect_on&quot;:&quot;none&quot;}\" data-widget_type=\"text-editor.default\">\n\t\t\t\t<div class=\"elementor-widget-container\">\n\t\t\t\t\t\t\t\t\t<p>We are delighted to present the TORSAFE-TYPE 60\/1200 Fire-Resistant Chemical Storage Cabinet (Safety Cabinet) from the TORSAFE series. This special product, with its superior design and exceptional fire resistance, has achieved EN 14470-1 certification. Our TORSAFE-TYPE 60\/1200 cabinet successfully passed the fire test, withstanding temperatures up to 1000\u00b0C and flames for a full 76 minutes.<\/p><p>TORSAFE is a high-quality brand that complies with European standards and manufactures in its own facilities in T\u00fcrkiye. Our goal is to offer our customers the most reliable solutions at attractive prices. There&#8217;s no longer any need to rely on international suppliers for your hazardous material storage needs. TORSAFE offers both quality and safety through domestic production.<\/p><p>Our product range continues to expand, and other models in the TORSAFE series will be in stock soon.<\/p>\t\t\t\t\t\t\t\t<\/div>\n\t\t\t\t<\/div>\n\t\t\t\t<\/div>\n\t\t<div class=\"elementor-element elementor-element-a08d265 e-con-full e-flex e-con e-child\" data-id=\"a08d265\" data-element_type=\"container\" data-e-type=\"container\" data-settings=\"{&quot;jet_parallax_layout_list&quot;:[]}\">\n\t\t\t\t<div class=\"elementor-element elementor-element-3b97382 elementor-widget elementor-widget-heading\" data-id=\"3b97382\" data-element_type=\"widget\" data-e-type=\"widget\" data-settings=\"{&quot;ekit_we_effect_on&quot;:&quot;none&quot;}\" data-widget_type=\"heading.default\">\n\t\t\t\t<div class=\"elementor-widget-container\">\n\t\t\t\t\t<h3 class=\"elementor-heading-title elementor-size-default\">\u00dcr\u00fcn \u00f6zellik tablosu<\/h3>\t\t\t\t<\/div>\n\t\t\t\t<\/div>\n\t\t\t\t<div class=\"elementor-element elementor-element-a2e92a7 elementor-widget elementor-widget-text-editor\" data-id=\"a2e92a7\" data-element_type=\"widget\" data-e-type=\"widget\" data-settings=\"{&quot;ekit_we_effect_on&quot;:&quot;none&quot;}\" data-widget_type=\"text-editor.default\">\n\t\t\t\t<div class=\"elementor-widget-container\">\n\t\t\t\t\t\t\t\t\t<table style=\"height: 848px; width: 100%; border-collapse: collapse; border-color: #bfbfbf; border-style: solid;\"><tbody><tr style=\"height: 53px;\"><td style=\"width: 39.2569%; height: 53px; border-color: #bfbfbf; background-color: #ebebeb;\">Model No<\/td><td style=\"width: 60.6893%; height: 53px; border-color: #bfbfbf;\">TORSAFE TYPE 60\/1200<\/td><\/tr><tr style=\"height: 53px;\"><td style=\"width: 39.2569%; height: 53px; border-color: #bfbfbf; background-color: #ebebeb;\">Color<\/td><td style=\"width: 60.6893%; height: 53px; border-color: #bfbfbf;\">Yellow<\/td><\/tr><tr style=\"height: 53px;\"><td style=\"width: 39.2569%; height: 53px; border-color: #bfbfbf; background-color: #ebebeb;\">Pallet Quantity<\/td><td style=\"width: 60.6893%; height: 53px; border-color: #bfbfbf;\">1<\/td><\/tr><tr style=\"height: 53px;\"><td style=\"width: 39.2569%; height: 53px; border-color: #bfbfbf; background-color: #ebebeb;\">Material Specifications<\/td><td style=\"width: 60.6893%; height: 53px; border-color: #bfbfbf;\">Steel body and covers reinforced with fire-resistant plasterboard and mineral insulation layers<\/td><\/tr><tr style=\"height: 53px;\"><td style=\"width: 39.2569%; height: 53px; border-color: #bfbfbf; background-color: #ebebeb;\">Load Capacity Compliance<\/td><td style=\"width: 60.6893%; height: 53px; border-color: #bfbfbf;\">1323 lb. (600 kg.)<\/td><\/tr><tr style=\"height: 53px;\"><td style=\"width: 39.2569%; height: 53px; border-color: #bfbfbf; background-color: #ebebeb;\">EN 14470-1<\/td><td style=\"width: 60.6893%; height: 53px; border-color: #bfbfbf;\">Yes<\/td><\/tr><tr style=\"height: 53px;\"><td style=\"width: 39.2569%; height: 53px; border-color: #bfbfbf; background-color: #ebebeb;\">Maximum Capacity (1 Liter Bottles)<\/td><td style=\"width: 60.6893%; height: 53px; border-color: #bfbfbf;\">264<\/td><\/tr><tr style=\"height: 53px;\"><td style=\"width: 39.2569%; height: 53px; border-color: #bfbfbf; background-color: #ebebeb;\">Capacity<\/td><td style=\"width: 60.6893%; height: 53px; border-color: #bfbfbf;\">45 gallon<\/td><\/tr><tr style=\"height: 53px;\"><td style=\"width: 39.2569%; height: 53px; border-color: #bfbfbf; background-color: #ebebeb;\">Liter Capacity<\/td><td style=\"width: 60.6893%; height: 53px; border-color: #bfbfbf;\">170<\/td><\/tr><tr style=\"height: 53px;\"><td style=\"width: 39.2569%; height: 53px; border-color: #bfbfbf; background-color: #ebebeb;\">Number of Doors<\/td><td style=\"width: 60.6893%; height: 53px; border-color: #bfbfbf;\">2<\/td><\/tr><tr style=\"height: 53px;\"><td style=\"width: 39.2569%; height: 53px; border-color: #bfbfbf; background-color: #ebebeb;\">Door Type<\/td><td style=\"width: 60.6893%; height: 53px; border-color: #bfbfbf;\">Hybrid-close<\/td><\/tr><tr style=\"height: 53px;\"><td style=\"width: 39.2569%; height: 53px; border-color: #bfbfbf; background-color: #ebebeb;\">Number of Shelves<\/td><td style=\"width: 60.6893%; height: 53px; border-color: #bfbfbf;\">3<\/td><\/tr><tr style=\"height: 53px;\"><td style=\"width: 39.2569%; height: 53px; border-color: #bfbfbf; background-color: #ebebeb;\">Adjustable Shelves<\/td><td style=\"width: 60.6893%; height: 53px; border-color: #bfbfbf;\">Yes<\/td><\/tr><tr style=\"height: 53px;\"><td style=\"width: 39.2569%; height: 53px; border-color: #bfbfbf; background-color: #ebebeb;\">Dimensions, Exterior<\/td><td style=\"width: 60.6893%; height: 53px; border-color: #bfbfbf;\">2060mm H x 1193mm W x 615mm D<\/td><\/tr><tr style=\"height: 53px;\"><td style=\"width: 39.2569%; height: 53px; border-color: #bfbfbf; background-color: #ebebeb;\">Dimensions, Interior<\/td><td style=\"width: 60.6893%; height: 53px; border-color: #bfbfbf;\">1735mm H x 1025mm W x 512mm D<\/td><\/tr><tr style=\"height: 53px;\"><td style=\"width: 39.2569%; height: 53px; border-color: #bfbfbf; background-color: #ebebeb;\">Net Weight, kg<\/td><td style=\"width: 60.6893%; height: 53px; border-color: #bfbfbf;\">449.1<\/td><\/tr><\/tbody><\/table>\t\t\t\t\t\t\t\t<\/div>\n\t\t\t\t<\/div>\n\t\t\t\t<\/div>\n\t\t\t\t\t<\/div>\n\t\t\t\t<\/div>\n\t\t\t\t<\/div>\n\t\t","protected":false},"excerpt":{"rendered":"<p>Torsafe Type 60\/1200 60 Minutes Fire Resistant Safety Cabinet with 2 Hybrid Doors \u2013 Yellow The doors automatically close when [&hellip;]<\/p>\n","protected":false},"author":1,"featured_media":0,"parent":3173,"menu_order":0,"comment_status":"closed","ping_status":"closed","template":"elementor_header_footer","meta":{"_seopress_robots_primary_cat":"","_seopress_titles_title":"","_seopress_titles_desc":"","_seopress_robots_index":"","site-sidebar-layout":"no-sidebar","site-content-layout":"","ast-site-content-layout":"full-width-container","site-content-style":"default","site-sidebar-style":"default","ast-global-header-display":"","ast-banner-title-visibility":"","ast-main-header-display":"","ast-hfb-above-header-display":"","ast-hfb-below-header-display":"","ast-hfb-mobile-header-display":"","site-post-title":"disabled","ast-breadcrumbs-content":"","ast-featured-img":"disabled","footer-sml-layout":"","ast-disable-related-posts":"","theme-transparent-header-meta":"","adv-header-id-meta":"","stick-header-meta":"","header-above-stick-meta":"","header-main-stick-meta":"","header-below-stick-meta":"","astra-migrate-meta-layouts":"default","ast-page-background-enabled":"default","ast-page-background-meta":{"desktop":{"background-color":"var(--ast-global-color-4)","background-image":"","background-repeat":"repeat","background-position":"center center","background-size":"auto","background-attachment":"scroll","background-type":"","background-media":"","overlay-type":"","overlay-color":"","overlay-opacity":"","overlay-gradient":""},"tablet":{"background-color":"","background-image":"","background-repeat":"repeat","background-position":"center center","background-size":"auto","background-attachment":"scroll","background-type":"","background-media":"","overlay-type":"","overlay-color":"","overlay-opacity":"","overlay-gradient":""},"mobile":{"background-color":"","background-image":"","background-repeat":"repeat","background-position":"center center","background-size":"auto","background-attachment":"scroll","background-type":"","background-media":"","overlay-type":"","overlay-color":"","overlay-opacity":"","overlay-gradient":""}},"ast-content-background-meta":{"desktop":{"background-color":"var(--ast-global-color-5)","background-image":"","background-repeat":"repeat","background-position":"center center","background-size":"auto","background-attachment":"scroll","background-type":"","background-media":"","overlay-type":"","overlay-color":"","overlay-opacity":"","overlay-gradient":""},"tablet":{"background-color":"var(--ast-global-color-5)","background-image":"","background-repeat":"repeat","background-position":"center center","background-size":"auto","background-attachment":"scroll","background-type":"","background-media":"","overlay-type":"","overlay-color":"","overlay-opacity":"","overlay-gradient":""},"mobile":{"background-color":"var(--ast-global-color-5)","background-image":"","background-repeat":"repeat","background-position":"center center","background-size":"auto","background-attachment":"scroll","background-type":"","background-media":"","overlay-type":"","overlay-color":"","overlay-opacity":"","overlay-gradient":""}},"footnotes":""},"hf_cat_page":[62],"class_list":["post-1166","page","type-page","status-publish","hentry"],"_links":{"self":[{"href":"https:\/\/torsafe.com.tr\/en\/wp-json\/wp\/v2\/pages\/1166","targetHints":{"allow":["GET"]}}],"collection":[{"href":"https:\/\/torsafe.com.tr\/en\/wp-json\/wp\/v2\/pages"}],"about":[{"href":"https:\/\/torsafe.com.tr\/en\/wp-json\/wp\/v2\/types\/page"}],"author":[{"embeddable":true,"href":"https:\/\/torsafe.com.tr\/en\/wp-json\/wp\/v2\/users\/1"}],"replies":[{"embeddable":true,"href":"https:\/\/torsafe.com.tr\/en\/wp-json\/wp\/v2\/comments?post=1166"}],"version-history":[{"count":0,"href":"https:\/\/torsafe.com.tr\/en\/wp-json\/wp\/v2\/pages\/1166\/revisions"}],"up":[{"embeddable":true,"href":"https:\/\/torsafe.com.tr\/en\/wp-json\/wp\/v2\/pages\/3173"}],"wp:attachment":[{"href":"https:\/\/torsafe.com.tr\/en\/wp-json\/wp\/v2\/media?parent=1166"}],"wp:term":[{"taxonomy":"hf_cat_page","embeddable":true,"href":"https:\/\/torsafe.com.tr\/en\/wp-json\/wp\/v2\/hf_cat_page?post=1166"}],"curies":[{"name":"wp","href":"https:\/\/api.w.org\/{rel}","templated":true}]}}